{"id":98,"date":"2023-04-10T04:35:19","date_gmt":"2023-04-10T04:35:19","guid":{"rendered":"http:\/\/nhanghibaohung.com\/?page_id=98"},"modified":"2023-04-10T04:35:19","modified_gmt":"2023-04-10T04:35:19","slug":"service","status":"publish","type":"page","link":"http:\/\/nhanghibaohung.com\/?page_id=98","title":{"rendered":"Service"},"content":{"rendered":"","protected":false},"excerpt":{"rendered":"","protected":false},"author":0,"featured_media":0,"parent":0,"menu_order":0,"comment_status":"closed","ping_status":"closed","template":"page-service.php","meta":{"footnotes":""},"class_list":["post-98","page","type-page","status-publish","hentry"],"yoast_head":"<!-- This site is optimized with the Yoast SEO plugin v20.5 - https:\/\/yoast.com\/wordpress\/plugins\/seo\/ -->\n<title>Service - Nh\u00e0 ngh\u1ec9 cao c\u1ea5p B\u1ea3o H\u01b0ng<\/title>\n<meta name=\"robots\" content=\"index, follow, max-snippet:-1, max-image-preview:large, max-video-preview:-1\" \/>\n<link rel=\"canonical\" href=\"http:\/\/nhanghibaohung.com\/?page_id=98\" \/>\n<meta property=\"og:locale\" content=\"vi_VN\" \/>\n<meta property=\"og:type\" content=\"article\" \/>\n<meta property=\"og:title\" content=\"Service - Nh\u00e0 ngh\u1ec9 cao c\u1ea5p B\u1ea3o H\u01b0ng\" \/>\n<meta property=\"og:url\" content=\"http:\/\/nhanghibaohung.com\/?page_id=98\" \/>\n<meta property=\"og:site_name\" content=\"Nh\u00e0 ngh\u1ec9 cao c\u1ea5p B\u1ea3o H\u01b0ng\" \/>\n<meta name=\"twitter:card\" content=\"summary_large_image\" \/>\n<script type=\"application\/ld+json\" class=\"yoast-schema-graph\">{\"@context\":\"https:\/\/schema.org\",\"@graph\":[{\"@type\":\"WebPage\",\"@id\":\"http:\/\/nhanghibaohung.com\/?page_id=98\",\"url\":\"http:\/\/nhanghibaohung.com\/?page_id=98\",\"name\":\"Service - Nh\u00e0 ngh\u1ec9 cao c\u1ea5p B\u1ea3o H\u01b0ng\",\"isPartOf\":{\"@id\":\"http:\/\/nhanghibaohung.com\/#website\"},\"datePublished\":\"2023-04-10T04:35:19+00:00\",\"dateModified\":\"2023-04-10T04:35:19+00:00\",\"breadcrumb\":{\"@id\":\"http:\/\/nhanghibaohung.com\/?page_id=98#breadcrumb\"},\"inLanguage\":\"vi\",\"potentialAction\":[{\"@type\":\"ReadAction\",\"target\":[\"http:\/\/nhanghibaohung.com\/?page_id=98\"]}]},{\"@type\":\"BreadcrumbList\",\"@id\":\"http:\/\/nhanghibaohung.com\/?page_id=98#breadcrumb\",\"itemListElement\":[{\"@type\":\"ListItem\",\"position\":1,\"name\":\"Trang ch\u1ee7\",\"item\":\"http:\/\/nhanghibaohung.com\/\"},{\"@type\":\"ListItem\",\"position\":2,\"name\":\"Service\"}]},{\"@type\":\"WebSite\",\"@id\":\"http:\/\/nhanghibaohung.com\/#website\",\"url\":\"http:\/\/nhanghibaohung.com\/\",\"name\":\"Nh\u00e0 ngh\u1ec9 cao c\u1ea5p B\u1ea3o H\u01b0ng\",\"description\":\"Ngay c\u00f4ng vi\u00ean Ba Tri - Li\u00ean h\u1ec7: 0942900843\",\"potentialAction\":[{\"@type\":\"SearchAction\",\"target\":{\"@type\":\"EntryPoint\",\"urlTemplate\":\"http:\/\/nhanghibaohung.com\/?s={search_term_string}\"},\"query-input\":\"required name=search_term_string\"}],\"inLanguage\":\"vi\"}]}<\/script>\n<!-- \/ Yoast SEO plugin. -->","yoast_head_json":{"title":"Service - Nh\u00e0 ngh\u1ec9 cao c\u1ea5p B\u1ea3o H\u01b0ng","robots":{"index":"index","follow":"follow","max-snippet":"max-snippet:-1","max-image-preview":"max-image-preview:large","max-video-preview":"max-video-preview:-1"},"canonical":"http:\/\/nhanghibaohung.com\/?page_id=98","og_locale":"vi_VN","og_type":"article","og_title":"Service - Nh\u00e0 ngh\u1ec9 cao c\u1ea5p B\u1ea3o H\u01b0ng","og_url":"http:\/\/nhanghibaohung.com\/?page_id=98","og_site_name":"Nh\u00e0 ngh\u1ec9 cao c\u1ea5p B\u1ea3o H\u01b0ng","twitter_card":"summary_large_image","schema":{"@context":"https:\/\/schema.org","@graph":[{"@type":"WebPage","@id":"http:\/\/nhanghibaohung.com\/?page_id=98","url":"http:\/\/nhanghibaohung.com\/?page_id=98","name":"Service - Nh\u00e0 ngh\u1ec9 cao c\u1ea5p B\u1ea3o H\u01b0ng","isPartOf":{"@id":"http:\/\/nhanghibaohung.com\/#website"},"datePublished":"2023-04-10T04:35:19+00:00","dateModified":"2023-04-10T04:35:19+00:00","breadcrumb":{"@id":"http:\/\/nhanghibaohung.com\/?page_id=98#breadcrumb"},"inLanguage":"vi","potentialAction":[{"@type":"ReadAction","target":["http:\/\/nhanghibaohung.com\/?page_id=98"]}]},{"@type":"BreadcrumbList","@id":"http:\/\/nhanghibaohung.com\/?page_id=98#breadcrumb","itemListElement":[{"@type":"ListItem","position":1,"name":"Trang ch\u1ee7","item":"http:\/\/nhanghibaohung.com\/"},{"@type":"ListItem","position":2,"name":"Service"}]},{"@type":"WebSite","@id":"http:\/\/nhanghibaohung.com\/#website","url":"http:\/\/nhanghibaohung.com\/","name":"Nh\u00e0 ngh\u1ec9 cao c\u1ea5p B\u1ea3o H\u01b0ng","description":"Ngay c\u00f4ng vi\u00ean Ba Tri - Li\u00ean h\u1ec7: 0942900843","potentialAction":[{"@type":"SearchAction","target":{"@type":"EntryPoint","urlTemplate":"http:\/\/nhanghibaohung.com\/?s={search_term_string}"},"query-input":"required name=search_term_string"}],"inLanguage":"vi"}]}},"_links":{"self":[{"href":"http:\/\/nhanghibaohung.com\/index.php?rest_route=\/wp\/v2\/pages\/98","targetHints":{"allow":["GET"]}}],"collection":[{"href":"http:\/\/nhanghibaohung.com\/index.php?rest_route=\/wp\/v2\/pages"}],"about":[{"href":"http:\/\/nhanghibaohung.com\/index.php?rest_route=\/wp\/v2\/types\/page"}],"replies":[{"embeddable":true,"href":"http:\/\/nhanghibaohung.com\/index.php?rest_route=%2Fwp%2Fv2%2Fcomments&post=98"}],"version-history":[{"count":0,"href":"http:\/\/nhanghibaohung.com\/index.php?rest_route=\/wp\/v2\/pages\/98\/revisions"}],"wp:attachment":[{"href":"http:\/\/nhanghibaohung.com\/index.php?rest_route=%2Fwp%2Fv2%2Fmedia&parent=98"}],"curies":[{"name":"wp","href":"https:\/\/api.w.org\/{rel}","templated":true}]}}