{"id":88,"date":"2023-04-10T04:33:12","date_gmt":"2023-04-10T04:33:12","guid":{"rendered":"http:\/\/nhanghibaohung.com\/?page_id=88"},"modified":"2023-09-22T19:23:20","modified_gmt":"2023-09-22T12:23:20","slug":"about-us","status":"publish","type":"page","link":"http:\/\/nhanghibaohung.com\/","title":{"rendered":"NH\u00c0 NGH\u1ec8 CAO C\u1ea4P B\u1ea2O H\u01afNG (ngay c\u00f4ng vi\u00ean th\u1ecb tr\u1ea5n Ba Tri)"},"content":{"rendered":"\n<figure class=\"wp-block-image size-large\"><img loading=\"lazy\" decoding=\"async\" width=\"1024\" height=\"768\" src=\"https:\/\/nhanghibaohung.com\/wp-content\/uploads\/2023\/09\/002-1-1024x768.jpg\" alt=\"\" class=\"wp-image-400\" srcset=\"http:\/\/nhanghibaohung.com\/wp-content\/uploads\/2023\/09\/002-1-1024x768.jpg 1024w, http:\/\/nhanghibaohung.com\/wp-content\/uploads\/2023\/09\/002-1-300x225.jpg 300w, http:\/\/nhanghibaohung.com\/wp-content\/uploads\/2023\/09\/002-1-768x576.jpg 768w, http:\/\/nhanghibaohung.com\/wp-content\/uploads\/2023\/09\/002-1-1536x1152.jpg 1536w, http:\/\/nhanghibaohung.com\/wp-content\/uploads\/2023\/09\/002-1-2048x1536.jpg 2048w, http:\/\/nhanghibaohung.com\/wp-content\/uploads\/2023\/09\/002-1-600x450.jpg 600w\" sizes=\"auto, (max-width: 1024px) 100vw, 1024px\" \/><\/figure>\n\n\n\n<p class=\"has-text-align-left has-vivid-red-color has-text-color has-medium-font-size\"><strong>Nh\u00e0 ngh\u1ec9 cao c\u1ea5p B\u1ea3o H\u01b0ng<\/strong> t\u1ecda l\u1ea1c t\u1ea1i \u0111\u1ecba ch\u1ec9: S\u1ed1 3 Chu V\u0103n An, Khu ph\u1ed1 6, Ba Tri, B\u1ebfn Tre &#8211; Li\u00ean h\u1ec7: 0942900843 &#8211; 02753 783 783<\/p>\n\n\n\n<p class=\"has-vivid-cyan-blue-color has-text-color has-medium-font-size\">Nh\u00e0 ngh\u1ec9 cao c\u1ea5p B\u1ea3o H\u01b0ng (ngay c\u00f4ng vi\u00ean th\u1ecb tr\u1ea5n Ba Tri), v\u00e0 <strong><a href=\"http:\/\/nhanghibaohung2.com\">Nh\u00e0 ngh\u1ec9 B\u1ea3o H\u01b0ng 2 <\/a><\/strong>c\u00e1ch \u0111\u00f3 60m tr\u00ean \u0111\u01b0\u1eddng L\u00ea Lai, t\u1ecda l\u1ea1c ngay c\u00f4ng vi\u00ean Ba Tri, l\u00e0 \u0111i\u1ec3m d\u1eebng ch\u00e2n an to\u00e0n, thu\u1eadn ti\u1ec7n cho qu\u00fd kh\u00e1ch khi \u0111\u1ebfn c\u00f4ng t\u00e1c, tham quan hay du l\u1ecbch t\u1ea1i huy\u1ec7n Ba Tri, t\u1ec9nh B\u1ebfn Tre.<\/p>\n\n\n\n<p class=\"has-vivid-cyan-blue-color has-text-color has-medium-font-size\">V\u1edbi v\u1ecb tr\u00ed \u0111\u1ecba l\u00fd thu\u1eadn l\u1ee3i, c\u00f3 b\u00e3i \u0111\u1ed7 xe c\u00e1 nh\u00e2n, 2 b\u00e1nh, b\u1ed1n b\u00e1nh trong ph\u1ea1m vi nh\u00e0 ngh\u1ec9, qu\u00fd kh\u00e1ch s\u1ebd c\u1ea3m th\u1ea5y an t\u00e2m khi t\u00e0i s\u1ea3n c\u1ee7a m\u00ecnh lu\u00f4n \u0111\u01b0\u1ee3c \u0111\u1ea3m b\u1ea3o an to\u00e0n sau m\u1ed7i chuy\u1ebfn h\u00e0nh tr\u00ecnh.<\/p>\n\n\n\n<p class=\"has-vivid-cyan-blue-color has-text-color has-medium-font-size\">Ch\u1ec9 5 ph\u00fat \u0111i b\u1ed9 qu\u00fd kh\u00e1ch c\u00f3 th\u1ec3 ti\u1ebfp c\u1eadn \u0111\u01b0\u1ee3c c\u00e1c ti\u1ec7n \u00edch nh\u01b0 : C\u1eeda h\u00e0ng B\u00e1ch H\u00f3a Xanh, tr\u1ea1m x\u0103ng, ng\u00e2n h\u00e0ng, b\u01b0u \u0111i\u1ec7n huy\u1ec7n Ba Tri, c\u00e1c c\u1eeda h\u00e0ng \u0103n u\u1ed1ng \u0111a d\u1ea1ng v.v <\/p>\n\n\n\n<p class=\"has-vivid-red-color has-text-color has-medium-font-size\"><strong> NH\u00c0 NGH\u1ec8 B\u1ea2O H\u01afNG 2 <\/strong>t\u1ecda l\u1ea1c t\u1ea1i \u0111\u1ecba ch\u1ec9 s\u1ed1 6B L\u00ea Lai, Khu Ph\u1ed1 6, Ba Tri, B\u1ebfn Tre. website: <a href=\"http:\/\/nhanghibaohung2.com\">nhanghibaohung2.com<\/a> &#8211; Li\u00ean h\u1ec7: 0942900843 &#8211; 02753 850276<\/p>\n\n\n\n<figure class=\"wp-block-image size-large\"><img loading=\"lazy\" decoding=\"async\" width=\"1024\" height=\"768\" src=\"https:\/\/nhanghibaohung.com\/wp-content\/uploads\/2023\/09\/005-1024x768.jpg\" alt=\"\" class=\"wp-image-401\" srcset=\"http:\/\/nhanghibaohung.com\/wp-content\/uploads\/2023\/09\/005-1024x768.jpg 1024w, http:\/\/nhanghibaohung.com\/wp-content\/uploads\/2023\/09\/005-300x225.jpg 300w, http:\/\/nhanghibaohung.com\/wp-content\/uploads\/2023\/09\/005-768x576.jpg 768w, http:\/\/nhanghibaohung.com\/wp-content\/uploads\/2023\/09\/005-1536x1152.jpg 1536w, http:\/\/nhanghibaohung.com\/wp-content\/uploads\/2023\/09\/005-2048x1536.jpg 2048w, http:\/\/nhanghibaohung.com\/wp-content\/uploads\/2023\/09\/005-600x450.jpg 600w\" sizes=\"auto, (max-width: 1024px) 100vw, 1024px\" \/><\/figure>\n\n\n\n<figure class=\"wp-block-image size-large\"><img loading=\"lazy\" decoding=\"async\" width=\"1024\" height=\"768\" src=\"http:\/\/nhanghibaohung.com\/wp-content\/uploads\/2023\/09\/IMG_1695258257096_1695283468857-1024x768.jpg\" alt=\"\" class=\"wp-image-404\" srcset=\"http:\/\/nhanghibaohung.com\/wp-content\/uploads\/2023\/09\/IMG_1695258257096_1695283468857-1024x768.jpg 1024w, http:\/\/nhanghibaohung.com\/wp-content\/uploads\/2023\/09\/IMG_1695258257096_1695283468857-300x225.jpg 300w, http:\/\/nhanghibaohung.com\/wp-content\/uploads\/2023\/09\/IMG_1695258257096_1695283468857-768x576.jpg 768w, http:\/\/nhanghibaohung.com\/wp-content\/uploads\/2023\/09\/IMG_1695258257096_1695283468857-600x450.jpg 600w, http:\/\/nhanghibaohung.com\/wp-content\/uploads\/2023\/09\/IMG_1695258257096_1695283468857.jpg 1280w\" sizes=\"auto, (max-width: 1024px) 100vw, 1024px\" \/><\/figure>\n\n\n\n<figure class=\"wp-block-image size-large\"><img loading=\"lazy\" decoding=\"async\" width=\"1024\" height=\"768\" src=\"http:\/\/nhanghibaohung.com\/wp-content\/uploads\/2023\/04\/IMG_1164-1024x768.jpg\" alt=\"\" class=\"wp-image-353\" srcset=\"http:\/\/nhanghibaohung.com\/wp-content\/uploads\/2023\/04\/IMG_1164-1024x768.jpg 1024w, http:\/\/nhanghibaohung.com\/wp-content\/uploads\/2023\/04\/IMG_1164-300x225.jpg 300w, http:\/\/nhanghibaohung.com\/wp-content\/uploads\/2023\/04\/IMG_1164-768x576.jpg 768w, http:\/\/nhanghibaohung.com\/wp-content\/uploads\/2023\/04\/IMG_1164-1536x1152.jpg 1536w, http:\/\/nhanghibaohung.com\/wp-content\/uploads\/2023\/04\/IMG_1164-2048x1536.jpg 2048w, http:\/\/nhanghibaohung.com\/wp-content\/uploads\/2023\/04\/IMG_1164-600x450.jpg 600w\" sizes=\"auto, (max-width: 1024px) 100vw, 1024px\" \/><\/figure>\n\n\n\n<figure class=\"wp-block-image size-large\"><img loading=\"lazy\" decoding=\"async\" width=\"1024\" height=\"768\" src=\"http:\/\/nhanghibaohung.com\/wp-content\/uploads\/2023\/04\/IMG_1167-1024x768.jpg\" alt=\"\" class=\"wp-image-354\" srcset=\"http:\/\/nhanghibaohung.com\/wp-content\/uploads\/2023\/04\/IMG_1167-1024x768.jpg 1024w, http:\/\/nhanghibaohung.com\/wp-content\/uploads\/2023\/04\/IMG_1167-300x225.jpg 300w, http:\/\/nhanghibaohung.com\/wp-content\/uploads\/2023\/04\/IMG_1167-768x576.jpg 768w, http:\/\/nhanghibaohung.com\/wp-content\/uploads\/2023\/04\/IMG_1167-1536x1152.jpg 1536w, http:\/\/nhanghibaohung.com\/wp-content\/uploads\/2023\/04\/IMG_1167-2048x1536.jpg 2048w, http:\/\/nhanghibaohung.com\/wp-content\/uploads\/2023\/04\/IMG_1167-600x450.jpg 600w\" sizes=\"auto, (max-width: 1024px) 100vw, 1024px\" \/><\/figure>\n\n\n\n<p class=\"has-medium-font-size\"><strong>PH\u00d2NG 3 GI\u01af\u1edcNG<\/strong><\/p>\n\n\n\n<figure class=\"wp-block-image size-large\"><img loading=\"lazy\" decoding=\"async\" width=\"1024\" height=\"768\" src=\"http:\/\/nhanghibaohung.com\/wp-content\/uploads\/2023\/09\/Phong-2-giuong-1024x768.jpg\" alt=\"\" class=\"wp-image-362\" srcset=\"http:\/\/nhanghibaohung.com\/wp-content\/uploads\/2023\/09\/Phong-2-giuong-1024x768.jpg 1024w, http:\/\/nhanghibaohung.com\/wp-content\/uploads\/2023\/09\/Phong-2-giuong-300x225.jpg 300w, http:\/\/nhanghibaohung.com\/wp-content\/uploads\/2023\/09\/Phong-2-giuong-768x576.jpg 768w, http:\/\/nhanghibaohung.com\/wp-content\/uploads\/2023\/09\/Phong-2-giuong-1536x1152.jpg 1536w, http:\/\/nhanghibaohung.com\/wp-content\/uploads\/2023\/09\/Phong-2-giuong-2048x1536.jpg 2048w, http:\/\/nhanghibaohung.com\/wp-content\/uploads\/2023\/09\/Phong-2-giuong-600x450.jpg 600w\" sizes=\"auto, (max-width: 1024px) 100vw, 1024px\" \/><\/figure>\n\n\n\n<p class=\"has-medium-font-size\">PH\u00d2NG 2 GI\u01af\u1edcNG<\/p>\n\n\n\n<figure class=\"wp-block-image size-large\"><img loading=\"lazy\" decoding=\"async\" width=\"1024\" height=\"768\" src=\"http:\/\/nhanghibaohung.com\/wp-content\/uploads\/2023\/09\/Phong-1-giuong-1024x768.jpg\" alt=\"\" class=\"wp-image-363\" srcset=\"http:\/\/nhanghibaohung.com\/wp-content\/uploads\/2023\/09\/Phong-1-giuong-1024x768.jpg 1024w, http:\/\/nhanghibaohung.com\/wp-content\/uploads\/2023\/09\/Phong-1-giuong-300x225.jpg 300w, http:\/\/nhanghibaohung.com\/wp-content\/uploads\/2023\/09\/Phong-1-giuong-768x576.jpg 768w, http:\/\/nhanghibaohung.com\/wp-content\/uploads\/2023\/09\/Phong-1-giuong-1536x1152.jpg 1536w, http:\/\/nhanghibaohung.com\/wp-content\/uploads\/2023\/09\/Phong-1-giuong-2048x1536.jpg 2048w, http:\/\/nhanghibaohung.com\/wp-content\/uploads\/2023\/09\/Phong-1-giuong-600x450.jpg 600w\" sizes=\"auto, (max-width: 1024px) 100vw, 1024px\" \/><\/figure>\n\n\n\n<p class=\"has-medium-font-size\">PH\u00d2NG 1 GI\u01af\u1edcNG<\/p>\n\n\n\n<figure class=\"wp-block-image size-large\"><img loading=\"lazy\" decoding=\"async\" width=\"1024\" height=\"768\" src=\"http:\/\/nhanghibaohung.com\/wp-content\/uploads\/2023\/09\/003-1024x768.jpg\" alt=\"\" class=\"wp-image-316\" srcset=\"http:\/\/nhanghibaohung.com\/wp-content\/uploads\/2023\/09\/003-1024x768.jpg 1024w, http:\/\/nhanghibaohung.com\/wp-content\/uploads\/2023\/09\/003-scaled-600x450.jpg 600w, http:\/\/nhanghibaohung.com\/wp-content\/uploads\/2023\/09\/003-300x225.jpg 300w, http:\/\/nhanghibaohung.com\/wp-content\/uploads\/2023\/09\/003-768x576.jpg 768w, http:\/\/nhanghibaohung.com\/wp-content\/uploads\/2023\/09\/003-1536x1152.jpg 1536w, http:\/\/nhanghibaohung.com\/wp-content\/uploads\/2023\/09\/003-2048x1536.jpg 2048w, http:\/\/nhanghibaohung.com\/wp-content\/uploads\/2023\/09\/003-80x60.jpg 80w\" sizes=\"auto, (max-width: 1024px) 100vw, 1024px\" \/><\/figure>\n\n\n\n<figure class=\"wp-block-image size-large\"><img loading=\"lazy\" decoding=\"async\" width=\"1024\" height=\"768\" src=\"http:\/\/nhanghibaohung.com\/wp-content\/uploads\/2023\/04\/006-1024x768.jpg\" alt=\"\" class=\"wp-image-349\" srcset=\"http:\/\/nhanghibaohung.com\/wp-content\/uploads\/2023\/04\/006-1024x768.jpg 1024w, http:\/\/nhanghibaohung.com\/wp-content\/uploads\/2023\/04\/006-300x225.jpg 300w, http:\/\/nhanghibaohung.com\/wp-content\/uploads\/2023\/04\/006-768x576.jpg 768w, http:\/\/nhanghibaohung.com\/wp-content\/uploads\/2023\/04\/006-1536x1152.jpg 1536w, http:\/\/nhanghibaohung.com\/wp-content\/uploads\/2023\/04\/006-2048x1536.jpg 2048w, http:\/\/nhanghibaohung.com\/wp-content\/uploads\/2023\/04\/006-600x450.jpg 600w\" sizes=\"auto, (max-width: 1024px) 100vw, 1024px\" \/><\/figure>\n\n\n\n<figure class=\"wp-block-image size-full\"><img loading=\"lazy\" decoding=\"async\" width=\"853\" height=\"515\" src=\"http:\/\/nhanghibaohung.com\/wp-content\/uploads\/2023\/09\/business-card-new-20161119-back.png\" alt=\"\" class=\"wp-image-377\" srcset=\"http:\/\/nhanghibaohung.com\/wp-content\/uploads\/2023\/09\/business-card-new-20161119-back.png 853w, http:\/\/nhanghibaohung.com\/wp-content\/uploads\/2023\/09\/business-card-new-20161119-back-300x181.png 300w, http:\/\/nhanghibaohung.com\/wp-content\/uploads\/2023\/09\/business-card-new-20161119-back-768x464.png 768w, http:\/\/nhanghibaohung.com\/wp-content\/uploads\/2023\/09\/business-card-new-20161119-back-600x362.png 600w\" sizes=\"auto, (max-width: 853px) 100vw, 853px\" \/><\/figure>\n","protected":false},"excerpt":{"rendered":"<p>Nh\u00e0 ngh\u1ec9 cao c\u1ea5p B\u1ea3o H\u01b0ng t\u1ecda l\u1ea1c t\u1ea1i \u0111\u1ecba ch\u1ec9: S\u1ed1 3 Chu V\u0103n An, Khu ph\u1ed1 6, Ba Tri, B\u1ebfn Tre &#8211; Li\u00ean h\u1ec7: 0942900843 &#8211; 02753 783 783 Nh\u00e0 ngh\u1ec9 cao c\u1ea5p B\u1ea3o H\u01b0ng (ngay c\u00f4ng vi\u00ean &hellip; <\/p>\n","protected":false},"author":14,"featured_media":0,"parent":0,"menu_order":0,"comment_status":"closed","ping_status":"closed","template":"","meta":{"footnotes":""},"class_list":["post-88","page","type-page","status-publish","hentry"],"yoast_head":"<!-- This site is optimized with the Yoast SEO plugin v20.5 - https:\/\/yoast.com\/wordpress\/plugins\/seo\/ -->\n<title>NH\u00c0 NGH\u1ec8 CAO C\u1ea4P B\u1ea2O H\u01afNG (ngay c\u00f4ng vi\u00ean th\u1ecb tr\u1ea5n Ba Tri) - Nh\u00e0 ngh\u1ec9 cao c\u1ea5p B\u1ea3o H\u01b0ng<\/title>\n<meta name=\"robots\" content=\"index, follow, max-snippet:-1, max-image-preview:large, max-video-preview:-1\" \/>\n<link rel=\"canonical\" href=\"http:\/\/nhanghibaohung.com\/\" \/>\n<meta property=\"og:locale\" content=\"vi_VN\" \/>\n<meta property=\"og:type\" content=\"article\" \/>\n<meta property=\"og:title\" content=\"NH\u00c0 NGH\u1ec8 CAO C\u1ea4P B\u1ea2O H\u01afNG (ngay c\u00f4ng vi\u00ean th\u1ecb tr\u1ea5n Ba Tri) - Nh\u00e0 ngh\u1ec9 cao c\u1ea5p B\u1ea3o H\u01b0ng\" \/>\n<meta property=\"og:description\" content=\"Nh\u00e0 ngh\u1ec9 cao c\u1ea5p B\u1ea3o H\u01b0ng t\u1ecda l\u1ea1c t\u1ea1i \u0111\u1ecba ch\u1ec9: S\u1ed1 3 Chu V\u0103n An, Khu ph\u1ed1 6, Ba Tri, B\u1ebfn Tre &#8211; Li\u00ean h\u1ec7: 0942900843 &#8211; 02753 783 783 Nh\u00e0 ngh\u1ec9 cao c\u1ea5p B\u1ea3o H\u01b0ng (ngay c\u00f4ng vi\u00ean &hellip;\" \/>\n<meta property=\"og:url\" content=\"http:\/\/nhanghibaohung.com\/\" \/>\n<meta property=\"og:site_name\" content=\"Nh\u00e0 ngh\u1ec9 cao c\u1ea5p B\u1ea3o H\u01b0ng\" \/>\n<meta property=\"article:modified_time\" content=\"2023-09-22T12:23:20+00:00\" \/>\n<meta property=\"og:image\" content=\"https:\/\/nhanghibaohung.com\/wp-content\/uploads\/2023\/09\/002-1-1024x768.jpg\" \/>\n<meta name=\"twitter:card\" content=\"summary_large_image\" \/>\n<meta name=\"twitter:label1\" content=\"\u01af\u1edbc t\u00ednh th\u1eddi gian \u0111\u1ecdc\" \/>\n\t<meta name=\"twitter:data1\" content=\"4 ph\u00fat\" \/>\n<script type=\"application\/ld+json\" class=\"yoast-schema-graph\">{\"@context\":\"https:\/\/schema.org\",\"@graph\":[{\"@type\":\"WebPage\",\"@id\":\"http:\/\/nhanghibaohung.com\/\",\"url\":\"http:\/\/nhanghibaohung.com\/\",\"name\":\"NH\u00c0 NGH\u1ec8 CAO C\u1ea4P B\u1ea2O H\u01afNG (ngay c\u00f4ng vi\u00ean th\u1ecb tr\u1ea5n Ba Tri) - Nh\u00e0 ngh\u1ec9 cao c\u1ea5p B\u1ea3o H\u01b0ng\",\"isPartOf\":{\"@id\":\"http:\/\/nhanghibaohung.com\/#website\"},\"datePublished\":\"2023-04-10T04:33:12+00:00\",\"dateModified\":\"2023-09-22T12:23:20+00:00\",\"breadcrumb\":{\"@id\":\"http:\/\/nhanghibaohung.com\/#breadcrumb\"},\"inLanguage\":\"vi\",\"potentialAction\":[{\"@type\":\"ReadAction\",\"target\":[\"http:\/\/nhanghibaohung.com\/\"]}]},{\"@type\":\"BreadcrumbList\",\"@id\":\"http:\/\/nhanghibaohung.com\/#breadcrumb\",\"itemListElement\":[{\"@type\":\"ListItem\",\"position\":1,\"name\":\"Trang ch\u1ee7\",\"item\":\"http:\/\/nhanghibaohung.com\/\"},{\"@type\":\"ListItem\",\"position\":2,\"name\":\"NH\u00c0 NGH\u1ec8 CAO C\u1ea4P B\u1ea2O H\u01afNG (ngay c\u00f4ng vi\u00ean th\u1ecb tr\u1ea5n Ba Tri)\"}]},{\"@type\":\"WebSite\",\"@id\":\"http:\/\/nhanghibaohung.com\/#website\",\"url\":\"http:\/\/nhanghibaohung.com\/\",\"name\":\"Nh\u00e0 ngh\u1ec9 cao c\u1ea5p B\u1ea3o H\u01b0ng\",\"description\":\"Ngay c\u00f4ng vi\u00ean Ba Tri - Li\u00ean h\u1ec7: 0942900843\",\"potentialAction\":[{\"@type\":\"SearchAction\",\"target\":{\"@type\":\"EntryPoint\",\"urlTemplate\":\"http:\/\/nhanghibaohung.com\/?s={search_term_string}\"},\"query-input\":\"required name=search_term_string\"}],\"inLanguage\":\"vi\"}]}<\/script>\n<!-- \/ Yoast SEO plugin. -->","yoast_head_json":{"title":"NH\u00c0 NGH\u1ec8 CAO C\u1ea4P B\u1ea2O H\u01afNG (ngay c\u00f4ng vi\u00ean th\u1ecb tr\u1ea5n Ba Tri) - Nh\u00e0 ngh\u1ec9 cao c\u1ea5p B\u1ea3o H\u01b0ng","robots":{"index":"index","follow":"follow","max-snippet":"max-snippet:-1","max-image-preview":"max-image-preview:large","max-video-preview":"max-video-preview:-1"},"canonical":"http:\/\/nhanghibaohung.com\/","og_locale":"vi_VN","og_type":"article","og_title":"NH\u00c0 NGH\u1ec8 CAO C\u1ea4P B\u1ea2O H\u01afNG (ngay c\u00f4ng vi\u00ean th\u1ecb tr\u1ea5n Ba Tri) - Nh\u00e0 ngh\u1ec9 cao c\u1ea5p B\u1ea3o H\u01b0ng","og_description":"Nh\u00e0 ngh\u1ec9 cao c\u1ea5p B\u1ea3o H\u01b0ng t\u1ecda l\u1ea1c t\u1ea1i \u0111\u1ecba ch\u1ec9: S\u1ed1 3 Chu V\u0103n An, Khu ph\u1ed1 6, Ba Tri, B\u1ebfn Tre &#8211; Li\u00ean h\u1ec7: 0942900843 &#8211; 02753 783 783 Nh\u00e0 ngh\u1ec9 cao c\u1ea5p B\u1ea3o H\u01b0ng (ngay c\u00f4ng vi\u00ean &hellip;","og_url":"http:\/\/nhanghibaohung.com\/","og_site_name":"Nh\u00e0 ngh\u1ec9 cao c\u1ea5p B\u1ea3o H\u01b0ng","article_modified_time":"2023-09-22T12:23:20+00:00","og_image":[{"url":"https:\/\/nhanghibaohung.com\/wp-content\/uploads\/2023\/09\/002-1-1024x768.jpg"}],"twitter_card":"summary_large_image","twitter_misc":{"\u01af\u1edbc t\u00ednh th\u1eddi gian \u0111\u1ecdc":"4 ph\u00fat"},"schema":{"@context":"https:\/\/schema.org","@graph":[{"@type":"WebPage","@id":"http:\/\/nhanghibaohung.com\/","url":"http:\/\/nhanghibaohung.com\/","name":"NH\u00c0 NGH\u1ec8 CAO C\u1ea4P B\u1ea2O H\u01afNG (ngay c\u00f4ng vi\u00ean th\u1ecb tr\u1ea5n Ba Tri) - Nh\u00e0 ngh\u1ec9 cao c\u1ea5p B\u1ea3o H\u01b0ng","isPartOf":{"@id":"http:\/\/nhanghibaohung.com\/#website"},"datePublished":"2023-04-10T04:33:12+00:00","dateModified":"2023-09-22T12:23:20+00:00","breadcrumb":{"@id":"http:\/\/nhanghibaohung.com\/#breadcrumb"},"inLanguage":"vi","potentialAction":[{"@type":"ReadAction","target":["http:\/\/nhanghibaohung.com\/"]}]},{"@type":"BreadcrumbList","@id":"http:\/\/nhanghibaohung.com\/#breadcrumb","itemListElement":[{"@type":"ListItem","position":1,"name":"Trang ch\u1ee7","item":"http:\/\/nhanghibaohung.com\/"},{"@type":"ListItem","position":2,"name":"NH\u00c0 NGH\u1ec8 CAO C\u1ea4P B\u1ea2O H\u01afNG (ngay c\u00f4ng vi\u00ean th\u1ecb tr\u1ea5n Ba Tri)"}]},{"@type":"WebSite","@id":"http:\/\/nhanghibaohung.com\/#website","url":"http:\/\/nhanghibaohung.com\/","name":"Nh\u00e0 ngh\u1ec9 cao c\u1ea5p B\u1ea3o H\u01b0ng","description":"Ngay c\u00f4ng vi\u00ean Ba Tri - Li\u00ean h\u1ec7: 0942900843","potentialAction":[{"@type":"SearchAction","target":{"@type":"EntryPoint","urlTemplate":"http:\/\/nhanghibaohung.com\/?s={search_term_string}"},"query-input":"required name=search_term_string"}],"inLanguage":"vi"}]}},"_links":{"self":[{"href":"http:\/\/nhanghibaohung.com\/index.php?rest_route=\/wp\/v2\/pages\/88","targetHints":{"allow":["GET"]}}],"collection":[{"href":"http:\/\/nhanghibaohung.com\/index.php?rest_route=\/wp\/v2\/pages"}],"about":[{"href":"http:\/\/nhanghibaohung.com\/index.php?rest_route=\/wp\/v2\/types\/page"}],"author":[{"embeddable":true,"href":"http:\/\/nhanghibaohung.com\/index.php?rest_route=\/wp\/v2\/users\/14"}],"replies":[{"embeddable":true,"href":"http:\/\/nhanghibaohung.com\/index.php?rest_route=%2Fwp%2Fv2%2Fcomments&post=88"}],"version-history":[{"count":15,"href":"http:\/\/nhanghibaohung.com\/index.php?rest_route=\/wp\/v2\/pages\/88\/revisions"}],"predecessor-version":[{"id":409,"href":"http:\/\/nhanghibaohung.com\/index.php?rest_route=\/wp\/v2\/pages\/88\/revisions\/409"}],"wp:attachment":[{"href":"http:\/\/nhanghibaohung.com\/index.php?rest_route=%2Fwp%2Fv2%2Fmedia&parent=88"}],"curies":[{"name":"wp","href":"https:\/\/api.w.org\/{rel}","templated":true}]}}